{"id":77,"date":"2020-10-01T06:36:03","date_gmt":"2020-10-01T06:36:03","guid":{"rendered":"https:\/\/psnickars.fi\/?page_id=77"},"modified":"2020-10-15T06:51:25","modified_gmt":"2020-10-15T06:51:25","slug":"tjanster","status":"publish","type":"page","link":"https:\/\/psnickars.fi\/index.php\/tjanster\/","title":{"rendered":"Tj\u00e4nster"},"content":{"rendered":"\r\n<p>&nbsp;<\/p>\r\n\r\n\r\n\r\n<ul class=\"wp-block-list\">\r\n<li>Elinstallationer<\/li>\r\n<li><span>Energianalys<\/span><\/li>\r\n<li>oljebr\u00e4nnarservice<\/li>\r\n<li>Datan\u00e4tverk<\/li>\r\n<li>kamera\u00f6vervakning<\/li>\r\n<li>Inbrottslarm, telefonrobotar<\/li>\r\n<li>El planeringar<\/li>\r\n<li>Solenergi<\/li>\r\n<li>Vvs material<\/li>\r\n<\/ul>\r\n\r\n\r\n\r\n<div class=\"wp-block-group\">\r\n<div class=\"wp-block-group__inner-container is-layout-flow wp-block-group-is-layout-flow\">\r\n<figure class=\"wp-block-image is-style-rounded\"><img decoding=\"async\" src=\"https:\/\/psnickars.fi\/wp-content\/uploads\/2020\/10\/rexel-aurinkosahko-150x150.jpg\" alt=\"\" \/>\u00a0 \u00a0 <img decoding=\"async\" src=\"https:\/\/psnickars.fi\/wp-content\/uploads\/2020\/10\/istock-vvs_prod-150x150.jpg\" alt=\"\" \/>\u00a0 \u00a0 <img loading=\"lazy\" decoding=\"async\" src=\"https:\/\/psnickars.fi\/wp-content\/uploads\/2020\/10\/ht-combi-420-150x150.jpg\" alt=\"ht m\u00e4tare\" width=\"150\" height=\"150\" class=\"alignnone wp-image-173 size-thumbnail\" \/>\u00a0 \u00a0 <img loading=\"lazy\" decoding=\"async\" src=\"https:\/\/psnickars.fi\/wp-content\/uploads\/2020\/10\/mgl-150x150.jpg\" alt=\"\" width=\"151\" height=\"95\" class=\"alignnone wp-image-227\" \/><\/figure>\r\n<\/div>\r\n<\/div>\r\n\r\n\r\n\r\n<p>&nbsp;<\/p>\r\n","protected":false},"excerpt":{"rendered":"<p>&nbsp; Elinstallationer Energianalys oljebr\u00e4nnarservice Datan\u00e4tverk kamera\u00f6vervakning Inbrottslarm, telefonrobotar El planeringar Solenergi Vvs material &nbsp;<\/p>\n","protected":false},"author":2,"featured_media":0,"parent":0,"menu_order":0,"comment_status":"closed","ping_status":"closed","template":"","meta":{"footnotes":""},"class_list":["post-77","page","type-page","status-publish","hentry"],"_links":{"self":[{"href":"https:\/\/psnickars.fi\/index.php\/wp-json\/wp\/v2\/pages\/77","targetHints":{"allow":["GET"]}}],"collection":[{"href":"https:\/\/psnickars.fi\/index.php\/wp-json\/wp\/v2\/pages"}],"about":[{"href":"https:\/\/psnickars.fi\/index.php\/wp-json\/wp\/v2\/types\/page"}],"author":[{"embeddable":true,"href":"https:\/\/psnickars.fi\/index.php\/wp-json\/wp\/v2\/users\/2"}],"replies":[{"embeddable":true,"href":"https:\/\/psnickars.fi\/index.php\/wp-json\/wp\/v2\/comments?post=77"}],"version-history":[{"count":15,"href":"https:\/\/psnickars.fi\/index.php\/wp-json\/wp\/v2\/pages\/77\/revisions"}],"predecessor-version":[{"id":229,"href":"https:\/\/psnickars.fi\/index.php\/wp-json\/wp\/v2\/pages\/77\/revisions\/229"}],"wp:attachment":[{"href":"https:\/\/psnickars.fi\/index.php\/wp-json\/wp\/v2\/media?parent=77"}],"curies":[{"name":"wp","href":"https:\/\/api.w.org\/{rel}","templated":true}]}}