{"id":23,"date":"2020-09-30T10:36:58","date_gmt":"2020-09-30T10:36:58","guid":{"rendered":"https:\/\/psnickars.fi\/?page_id=23"},"modified":"2020-10-20T05:00:20","modified_gmt":"2020-10-20T05:00:20","slug":"lankar","status":"publish","type":"page","link":"https:\/\/psnickars.fi\/index.php\/lankar\/","title":{"rendered":"L\u00e4nkar"},"content":{"rendered":"\r\n<ul class=\"wp-block-list\">\r\n<li><a href=\"https:\/\/www.plejd.com\/sv-se\" target=\"_blank\" rel=\"noopener noreferrer\">Plejd<\/a><\/li>\r\n<li><a href=\"https:\/\/www.isk.fi\/\" target=\"_blank\" rel=\"noopener noreferrer\">Ilmajoen s\u00e4hk\u00f6koje<\/a><\/li>\r\n<li><a href=\"https:\/\/profort.com\/support\/\" target=\"_blank\" rel=\"noopener noreferrer\">Multiguard manualer<\/a><\/li>\r\n<li><a href=\"https:\/\/tukes.fi\/sv\/elektricitet\" target=\"_blank\" rel=\"noopener noreferrer\">Tukes<\/a><\/li>\r\n<\/ul>\r\n\r\n\r\n\r\n<h2 class=\"wp-block-heading\">V\u00e5ra huvudleverant\u00f6rer<\/h2>\r\n\r\n<p><a href=\"http:\/\/rexel.fi\" target=\"_blank\" rel=\"noopener noreferrer\"><img loading=\"lazy\" decoding=\"async\" src=\"https:\/\/psnickars.fi\/wp-content\/uploads\/2020\/10\/rexel-logo-150x150.png\" alt=\"rexel-logo\" width=\"150\" height=\"150\" class=\"alignnone wp-image-129 size-thumbnail\" srcset=\"https:\/\/psnickars.fi\/wp-content\/uploads\/2020\/10\/rexel-logo-150x150.png 150w, https:\/\/psnickars.fi\/wp-content\/uploads\/2020\/10\/rexel-logo-300x300.png 300w, https:\/\/psnickars.fi\/wp-content\/uploads\/2020\/10\/rexel-logo-1024x1024.png 1024w, https:\/\/psnickars.fi\/wp-content\/uploads\/2020\/10\/rexel-logo-768x768.png 768w, https:\/\/psnickars.fi\/wp-content\/uploads\/2020\/10\/rexel-logo.png 1042w\" sizes=\"auto, (max-width: 150px) 100vw, 150px\" \/><\/a>\u00a0 \u00a0 <a href=\"http:\/\/onninen.com\">\u00a0\u00a0\u00a0\u00a0 <\/a><a href=\"http:\/\/onninen.com\" target=\"_blank\" rel=\"noopener noreferrer\"><img loading=\"lazy\" decoding=\"async\" src=\"https:\/\/psnickars.fi\/wp-content\/uploads\/2020\/10\/onninen-300x147.png\" alt=\"Onninen logo\" width=\"300\" height=\"147\" class=\"alignnone wp-image-133 size-medium\" srcset=\"https:\/\/psnickars.fi\/wp-content\/uploads\/2020\/10\/onninen-300x147.png 300w, https:\/\/psnickars.fi\/wp-content\/uploads\/2020\/10\/onninen.png 321w\" sizes=\"auto, (max-width: 300px) 100vw, 300px\" \/><\/a><a href=\"http:\/\/malmbergs.com\/fi\">\u00a0\u00a0\u00a0\u00a0 <\/a><a href=\"http:\/\/malmbergs.com\/\"> \u00a0 \u00a0 <\/a><a href=\"http:\/\/malmbergs.com\/\" target=\"_blank\" rel=\"noopener noreferrer\"><img loading=\"lazy\" decoding=\"async\" src=\"https:\/\/psnickars.fi\/wp-content\/uploads\/2020\/10\/malmbergs-300x33.png\" alt=\"Malmbergs logo\" width=\"300\" height=\"33\" class=\"alignnone wp-image-135 size-medium\" srcset=\"https:\/\/psnickars.fi\/wp-content\/uploads\/2020\/10\/malmbergs-300x33.png 300w, https:\/\/psnickars.fi\/wp-content\/uploads\/2020\/10\/malmbergs.png 600w\" sizes=\"auto, (max-width: 300px) 100vw, 300px\" \/> \u00a0 \u00a0 <\/a><a href=\"http:\/\/oilon.fi\" target=\"_blank\" rel=\"noopener noreferrer\"><img loading=\"lazy\" decoding=\"async\" src=\"https:\/\/psnickars.fi\/wp-content\/uploads\/2020\/10\/oilon_logo-150x150.png\" alt=\"Oilon logo\" width=\"150\" height=\"150\" class=\"alignnone wp-image-153 size-thumbnail\" srcset=\"https:\/\/psnickars.fi\/wp-content\/uploads\/2020\/10\/oilon_logo-150x150.png 150w, https:\/\/psnickars.fi\/wp-content\/uploads\/2020\/10\/oilon_logo.png 200w\" sizes=\"auto, (max-width: 150px) 100vw, 150px\" \/><\/a><a href=\"http:\/\/malmbergs.com\/fi\"><\/a><a href=\"http:\/\/onninen.com\"><\/a><\/p>","protected":false},"excerpt":{"rendered":"<p>Plejd Ilmajoen s\u00e4hk\u00f6koje Multiguard manualer Tukes V\u00e5ra huvudleverant\u00f6rer \u00a0 \u00a0 \u00a0\u00a0\u00a0\u00a0 \u00a0\u00a0\u00a0\u00a0 \u00a0 \u00a0 \u00a0 \u00a0<\/p>\n","protected":false},"author":2,"featured_media":0,"parent":0,"menu_order":0,"comment_status":"closed","ping_status":"closed","template":"page-templates\/template-fullwidth.php","meta":{"footnotes":""},"class_list":["post-23","page","type-page","status-publish","hentry"],"_links":{"self":[{"href":"https:\/\/psnickars.fi\/index.php\/wp-json\/wp\/v2\/pages\/23","targetHints":{"allow":["GET"]}}],"collection":[{"href":"https:\/\/psnickars.fi\/index.php\/wp-json\/wp\/v2\/pages"}],"about":[{"href":"https:\/\/psnickars.fi\/index.php\/wp-json\/wp\/v2\/types\/page"}],"author":[{"embeddable":true,"href":"https:\/\/psnickars.fi\/index.php\/wp-json\/wp\/v2\/users\/2"}],"replies":[{"embeddable":true,"href":"https:\/\/psnickars.fi\/index.php\/wp-json\/wp\/v2\/comments?post=23"}],"version-history":[{"count":42,"href":"https:\/\/psnickars.fi\/index.php\/wp-json\/wp\/v2\/pages\/23\/revisions"}],"predecessor-version":[{"id":245,"href":"https:\/\/psnickars.fi\/index.php\/wp-json\/wp\/v2\/pages\/23\/revisions\/245"}],"wp:attachment":[{"href":"https:\/\/psnickars.fi\/index.php\/wp-json\/wp\/v2\/media?parent=23"}],"curies":[{"name":"wp","href":"https:\/\/api.w.org\/{rel}","templated":true}]}}